{"id":2451,"date":"2020-10-14T16:43:39","date_gmt":"2020-10-14T14:43:39","guid":{"rendered":"https:\/\/www.avressieux.com\/mairie\/?page_id=2451"},"modified":"2020-10-16T18:21:12","modified_gmt":"2020-10-16T16:21:12","slug":"maison-des-jeunes-et-de-la-culture","status":"publish","type":"page","link":"https:\/\/www.avressieux.com\/mairie\/maison-des-jeunes-et-de-la-culture\/","title":{"rendered":"Maison des jeunes et de la culture"},"content":{"rendered":"<p>[et_pb_section fb_built=\u00a0\u00bb1&Prime; make_equal=\u00a0\u00bbon\u00a0\u00bb use_custom_gutter=\u00a0\u00bbon\u00a0\u00bb specialty=\u00a0\u00bbon\u00a0\u00bb background_color_2=\u00a0\u00bbrgba(0,0,0,0.08)\u00a0\u00bb padding_top_bottom_link_1=\u00a0\u00bbfalse\u00a0\u00bb padding_left_right_link_1=\u00a0\u00bbfalse\u00a0\u00bb padding_top_1=\u00a0\u00bb20px\u00a0\u00bb padding_1_tablet=\u00a0\u00bb\u00a0\u00bb padding_1_phone=\u00a0\u00bb|20px||20px|false|false\u00a0\u00bb padding_1_last_edited=\u00a0\u00bbon|phone\u00a0\u00bb _builder_version=\u00a0\u00bb4.6.5&Prime; _module_preset=\u00a0\u00bbdefault\u00a0\u00bb width=\u00a0\u00bb100%\u00a0\u00bb max_width=\u00a0\u00bb100%\u00a0\u00bb module_alignment=\u00a0\u00bbcenter\u00a0\u00bb inner_width=\u00a0\u00bb100%\u00a0\u00bb inner_max_width=\u00a0\u00bb100%\u00a0\u00bb inner_module_alignment=\u00a0\u00bbcenter\u00a0\u00bb custom_margin=\u00a0\u00bb0px||||false|false\u00a0\u00bb custom_margin_tablet=\u00a0\u00bb20px||||false|false\u00a0\u00bb custom_margin_phone=\u00a0\u00bb\u00a0\u00bb custom_margin_last_edited=\u00a0\u00bbon|tablet\u00a0\u00bb custom_padding=\u00a0\u00bb0px||0px||false|false\u00a0\u00bb][et_pb_column type=\u00a0\u00bb3_4&Prime; specialty_columns=\u00a0\u00bb3&Prime; _builder_version=\u00a0\u00bb3.25&Prime; custom_padding=\u00a0\u00bb|||\u00a0\u00bb custom_padding__hover=\u00a0\u00bb|||\u00a0\u00bb][et_pb_row_inner _builder_version=\u00a0\u00bb4.6.1&Prime; _module_preset=\u00a0\u00bbdefault\u00a0\u00bb width=\u00a0\u00bb90%\u00a0\u00bb width_tablet=\u00a0\u00bb\u00a0\u00bb width_phone=\u00a0\u00bb\u00a0\u00bb width_last_edited=\u00a0\u00bbon|desktop\u00a0\u00bb module_alignment=\u00a0\u00bbcenter\u00a0\u00bb custom_padding=\u00a0\u00bb3px|||||\u00a0\u00bb][et_pb_column_inner saved_specialty_column_type=\u00a0\u00bb3_4&Prime; _builder_version=\u00a0\u00bb4.6.1&Prime; _module_preset=\u00a0\u00bbdefault\u00a0\u00bb][et_pb_text _builder_version=\u00a0\u00bb4.6.5&Prime; _module_preset=\u00a0\u00bbdefault\u00a0\u00bb text_font=\u00a0\u00bbOpen Sans|||||on|||\u00a0\u00bb text_text_color=\u00a0\u00bb#02726d\u00a0\u00bb text_font_size=\u00a0\u00bb20px\u00a0\u00bb text_letter_spacing=\u00a0\u00bb1px\u00a0\u00bb]<\/p>\n<p><img decoding=\"async\" src=\"https:\/\/www.avressieux.com\/mairie\/wp-content\/uploads\/2020\/08\/puce1.png\" width=\"30\" height=\"30\" alt=\"puce\" class=\"wp-image-1266 alignleft size-full\" \/>L&rsquo;association<\/p>\n<div id=\"gtx-trans\" style=\"position: absolute; left: 187px; top: 46.8px;\">\n<div class=\"gtx-trans-icon\"><\/div>\n<\/div>\n<p>[\/et_pb_text][\/et_pb_column_inner][\/et_pb_row_inner][et_pb_row_inner _builder_version=\u00a0\u00bb4.6.1&Prime; _module_preset=\u00a0\u00bbdefault\u00a0\u00bb width=\u00a0\u00bb90%\u00a0\u00bb width_tablet=\u00a0\u00bb\u00a0\u00bb width_phone=\u00a0\u00bb\u00a0\u00bb width_last_edited=\u00a0\u00bbon|desktop\u00a0\u00bb module_alignment=\u00a0\u00bbcenter\u00a0\u00bb custom_padding=\u00a0\u00bb3px|||||\u00a0\u00bb][et_pb_column_inner saved_specialty_column_type=\u00a0\u00bb3_4&Prime; _builder_version=\u00a0\u00bb4.6.1&Prime; _module_preset=\u00a0\u00bbdefault\u00a0\u00bb][et_pb_text _builder_version=\u00a0\u00bb4.6.5&Prime; _module_preset=\u00a0\u00bbdefault\u00a0\u00bb text_orientation=\u00a0\u00bbjustified\u00a0\u00bb hover_enabled=\u00a0\u00bb0&Prime; sticky_enabled=\u00a0\u00bb0&Prime;]<\/p>\n<p style=\"text-align: center;\"><strong>Contact :<\/strong><\/p>\n<p style=\"text-align: center;\">Maxime Michal<br \/><span><\/span><\/p>\n<p>[\/et_pb_text][\/et_pb_column_inner][\/et_pb_row_inner][\/et_pb_column][et_pb_column type=\u00a0\u00bb1_4&Prime; _builder_version=\u00a0\u00bb3.25&Prime; custom_padding=\u00a0\u00bb|||\u00a0\u00bb custom_padding__hover=\u00a0\u00bb|||\u00a0\u00bb][et_pb_text admin_label=\u00a0\u00bbTitre menu gauche\u00a0\u00bb _builder_version=\u00a0\u00bb4.6.5&Prime; _module_preset=\u00a0\u00bbdefault\u00a0\u00bb text_font=\u00a0\u00bbOpen Sans|||||on|||\u00a0\u00bb text_text_color=\u00a0\u00bb#ffffff\u00a0\u00bb text_font_size=\u00a0\u00bb20px\u00a0\u00bb text_letter_spacing=\u00a0\u00bb1px\u00a0\u00bb background_color=\u00a0\u00bb#5a6792&Prime; custom_margin=\u00a0\u00bb-120px||0px||false|false\u00a0\u00bb custom_margin_tablet=\u00a0\u00bb0px||0px||false|false\u00a0\u00bb custom_margin_phone=\u00a0\u00bb0px||||false|false\u00a0\u00bb custom_margin_last_edited=\u00a0\u00bbon|desktop\u00a0\u00bb custom_padding=\u00a0\u00bb15px|||15px|false|false\u00a0\u00bb global_module=\u00a0\u00bb2300&Prime; saved_tabs=\u00a0\u00bball\u00a0\u00bb]<\/p>\n<p><img decoding=\"async\" src=\"https:\/\/www.avressieux.com\/mairie\/wp-content\/uploads\/2020\/08\/puce1.png\" width=\"30\" height=\"30\" alt=\"puce\" class=\"wp-image-1266 alignleft size-full\" \/>Rubriques Vie communale<\/p>\n<div id=\"gtx-trans\" style=\"position: absolute; left: 270px; top: 46.8px;\">\n<div class=\"gtx-trans-icon\"><\/div>\n<\/div>\n<p>[\/et_pb_text][et_pb_text admin_label=\u00a0\u00bbMenu gauche\u00a0\u00bb _builder_version=\u00a0\u00bb4.6.5&Prime; _module_preset=\u00a0\u00bbdefault\u00a0\u00bb text_text_color=\u00a0\u00bb#ffffff\u00a0\u00bb text_font_size=\u00a0\u00bb14px\u00a0\u00bb background_color=\u00a0\u00bb#5a6792&Prime; custom_margin=\u00a0\u00bb0px||40px||false|false\u00a0\u00bb custom_margin_tablet=\u00a0\u00bb||0px||false|false\u00a0\u00bb custom_margin_phone=\u00a0\u00bb\u00a0\u00bb custom_margin_last_edited=\u00a0\u00bbon|phone\u00a0\u00bb custom_padding=\u00a0\u00bb20px|20px|10px|20px|false|false\u00a0\u00bb global_module=\u00a0\u00bb2302&Prime; saved_tabs=\u00a0\u00bball\u00a0\u00bb]<\/p>\n<ul>\n<li>\u00c9cole \/ Regroupement p\u00e9dagogique<\/li>\n<li>Services p\u00e9riscolaires<\/li>\n<li>Transports scolaires<\/li>\n<li>Assistantes maternelles<\/li>\n<li>Multi-accueil petite enfance<\/li>\n<li>Club ados<\/li>\n<\/ul>\n<p>[\/et_pb_text][et_pb_divider color=\u00a0\u00bb#ffffff\u00a0\u00bb divider_weight=\u00a0\u00bb12px\u00a0\u00bb disabled_on=\u00a0\u00bboff|off|on\u00a0\u00bb _builder_version=\u00a0\u00bb4.6.5&Prime; _module_preset=\u00a0\u00bbdefault\u00a0\u00bb][\/et_pb_divider][et_pb_text _builder_version=\u00a0\u00bb4.6.5&Prime; _module_preset=\u00a0\u00bbdefault\u00a0\u00bb text_font=\u00a0\u00bbOpen Sans|||||on|||\u00a0\u00bb text_text_color=\u00a0\u00bb#02726d\u00a0\u00bb text_font_size=\u00a0\u00bb20px\u00a0\u00bb text_letter_spacing=\u00a0\u00bb1px\u00a0\u00bb custom_padding=\u00a0\u00bb|||10px|false|false\u00a0\u00bb]<\/p>\n<p><img decoding=\"async\" src=\"https:\/\/www.avressieux.com\/mairie\/wp-content\/uploads\/2020\/08\/puce1.png\" width=\"30\" height=\"30\" alt=\"puce\" class=\"wp-image-1266 alignleft size-full\" \/>Agenda<\/p>\n<div id=\"gtx-trans\" style=\"position: absolute; left: 224px; top: 46.8px;\">\n<div class=\"gtx-trans-icon\"><\/div>\n<\/div>\n<p>[\/et_pb_text][et_pb_sidebar orientation=\u00a0\u00bbright\u00a0\u00bb area=\u00a0\u00bbet_pb_widget_area_4&Prime; show_border=\u00a0\u00bboff\u00a0\u00bb _builder_version=\u00a0\u00bb4.6.1&Prime; _module_preset=\u00a0\u00bbdefault\u00a0\u00bb body_font_size=\u00a0\u00bb13px\u00a0\u00bb custom_padding=\u00a0\u00bb|10px||10px|false|false\u00a0\u00bb global_module=\u00a0\u00bb1957&Prime;][\/et_pb_sidebar][\/et_pb_column][\/et_pb_section]<\/p>\n","protected":false},"excerpt":{"rendered":"<p>L&rsquo;association Contact : Maxime Michal Rubriques Vie communale \u00c9cole \/ Regroupement p\u00e9dagogique Services p\u00e9riscolaires Transports scolaires Assistantes maternelles Multi-accueil petite enfance Club ados Agenda<\/p>\n","protected":false},"author":1,"featured_media":0,"parent":0,"menu_order":0,"comment_status":"closed","ping_status":"open","template":"","meta":{"_et_pb_use_builder":"on","_et_pb_old_content":"<!-- wp:paragraph -->\n<p>Ceci est une page d\u2019exemple. C\u2019est diff\u00e9rent d\u2019un article de blog parce qu\u2019elle restera au m\u00eame endroit et appara\u00eetra dans la navigation de votre site (dans la plupart des th\u00e8mes). La plupart des gens commencent par une page \u00ab&nbsp;\u00c0 propos&nbsp;\u00bb qui les pr\u00e9sente aux visiteurs du site. Cela pourrait ressembler \u00e0 quelque chose comme cela&nbsp;:<\/p>\n<!-- \/wp:paragraph -->\n\n<!-- wp:quote -->\n<blockquote class=\"wp-block-quote\"><p>Bonjour&nbsp;! Je suis un m\u00e9canicien qui aspire \u00e0 devenir acteur, et voici mon site. J\u2019habite \u00e0 Bordeaux, j\u2019ai un super chien baptis\u00e9 Russell, et j\u2019aime la vodka-ananas (ainsi qu\u2019\u00eatre surpris par la pluie soudaine lors de longues balades sur la plage au coucher du soleil).<\/p><\/blockquote>\n<!-- \/wp:quote -->\n\n<!-- wp:paragraph -->\n<p>... ou quelque chose comme cela&nbsp;:<\/p>\n<!-- \/wp:paragraph -->\n\n<!-- wp:quote -->\n<blockquote class=\"wp-block-quote\"><p>La soci\u00e9t\u00e9 123 Machin Truc a \u00e9t\u00e9 cr\u00e9\u00e9e en 1971, et n\u2019a cess\u00e9 de proposer au public des machins-trucs de qualit\u00e9 depuis lors. Situ\u00e9e \u00e0 Saint-Remy-en-Bouzemont-Saint-Genest-et-Isson, 123 Machin Truc emploie 2 000 personnes, et fabrique toutes sortes de bidules super pour la communaut\u00e9 bouzemontoise.<\/p><\/blockquote>\n<!-- \/wp:quote -->\n\n<!-- wp:paragraph -->\n<p>En tant que nouvel\u00b7le utilisateur ou utilisatrice de WordPress, vous devriez vous rendre sur <a href=\"http:\/\/www.avressieux.com\/mairie\/wp-admin\/\">votre tableau de bord<\/a> pour supprimer cette page et cr\u00e9er de nouvelles pages pour votre contenu. Amusez-vous bien&nbsp;!<\/p>\n<!-- \/wp:paragraph -->","_et_gb_content_width":"","footnotes":""},"class_list":["post-2451","page","type-page","status-publish","hentry"],"yoast_head":"<!-- This site is optimized with the Yoast SEO plugin v27.6 - https:\/\/yoast.com\/product\/yoast-seo-wordpress\/ -->\n<title>Maison des jeunes et de la culture | Association \u00e0 Avressieux | 73<\/title>\n<meta name=\"description\" content=\"Maison des jeunes et de la culture | Commune d&#039;Avressieux | Associations | Animations, jeunesse, \u00e9v\u00e9nements\" \/>\n<meta name=\"robots\" content=\"index, follow, max-snippet:-1, max-image-preview:large, max-video-preview:-1\" \/>\n<link rel=\"canonical\" href=\"https:\/\/www.avressieux.com\/mairie\/maison-des-jeunes-et-de-la-culture\/\" \/>\n<meta property=\"og:locale\" content=\"fr_FR\" \/>\n<meta property=\"og:type\" content=\"article\" \/>\n<meta property=\"og:title\" content=\"Maison des jeunes et de la culture | Association \u00e0 Avressieux | 73\" \/>\n<meta property=\"og:description\" content=\"Maison des jeunes et de la culture | Commune d&#039;Avressieux | Associations | Animations, jeunesse, \u00e9v\u00e9nements\" \/>\n<meta property=\"og:url\" content=\"https:\/\/www.avressieux.com\/mairie\/maison-des-jeunes-et-de-la-culture\/\" \/>\n<meta property=\"og:site_name\" content=\"Avressieux\" \/>\n<meta property=\"article:publisher\" content=\"https:\/\/www.facebook.com\/Mairie-dAvressieux-104859844654359\/\" \/>\n<meta property=\"article:modified_time\" content=\"2020-10-16T16:21:12+00:00\" \/>\n<meta property=\"og:image\" content=\"https:\/\/www.avressieux.com\/mairie\/wp-content\/uploads\/2020\/08\/puce1.png\" \/>\n<meta name=\"twitter:card\" content=\"summary_large_image\" \/>\n<meta name=\"twitter:label1\" content=\"Dur\u00e9e de lecture estim\u00e9e\" \/>\n\t<meta name=\"twitter:data1\" content=\"3 minutes\" \/>\n<script type=\"application\/ld+json\" class=\"yoast-schema-graph\">{\"@context\":\"https:\\\/\\\/schema.org\",\"@graph\":[{\"@type\":\"WebPage\",\"@id\":\"https:\\\/\\\/www.avressieux.com\\\/mairie\\\/maison-des-jeunes-et-de-la-culture\\\/\",\"url\":\"https:\\\/\\\/www.avressieux.com\\\/mairie\\\/maison-des-jeunes-et-de-la-culture\\\/\",\"name\":\"Maison des jeunes et de la culture | Association \u00e0 Avressieux | 73\",\"isPartOf\":{\"@id\":\"https:\\\/\\\/www.avressieux.com\\\/mairie\\\/#website\"},\"primaryImageOfPage\":{\"@id\":\"https:\\\/\\\/www.avressieux.com\\\/mairie\\\/maison-des-jeunes-et-de-la-culture\\\/#primaryimage\"},\"image\":{\"@id\":\"https:\\\/\\\/www.avressieux.com\\\/mairie\\\/maison-des-jeunes-et-de-la-culture\\\/#primaryimage\"},\"thumbnailUrl\":\"https:\\\/\\\/www.avressieux.com\\\/mairie\\\/wp-content\\\/uploads\\\/2020\\\/08\\\/puce1.png\",\"datePublished\":\"2020-10-14T14:43:39+00:00\",\"dateModified\":\"2020-10-16T16:21:12+00:00\",\"description\":\"Maison des jeunes et de la culture | Commune d'Avressieux | Associations | Animations, jeunesse, \u00e9v\u00e9nements\",\"breadcrumb\":{\"@id\":\"https:\\\/\\\/www.avressieux.com\\\/mairie\\\/maison-des-jeunes-et-de-la-culture\\\/#breadcrumb\"},\"inLanguage\":\"fr-FR\",\"potentialAction\":[{\"@type\":\"ReadAction\",\"target\":[\"https:\\\/\\\/www.avressieux.com\\\/mairie\\\/maison-des-jeunes-et-de-la-culture\\\/\"]}]},{\"@type\":\"ImageObject\",\"inLanguage\":\"fr-FR\",\"@id\":\"https:\\\/\\\/www.avressieux.com\\\/mairie\\\/maison-des-jeunes-et-de-la-culture\\\/#primaryimage\",\"url\":\"https:\\\/\\\/www.avressieux.com\\\/mairie\\\/wp-content\\\/uploads\\\/2020\\\/08\\\/puce1.png\",\"contentUrl\":\"https:\\\/\\\/www.avressieux.com\\\/mairie\\\/wp-content\\\/uploads\\\/2020\\\/08\\\/puce1.png\",\"width\":30,\"height\":30,\"caption\":\"puce\"},{\"@type\":\"BreadcrumbList\",\"@id\":\"https:\\\/\\\/www.avressieux.com\\\/mairie\\\/maison-des-jeunes-et-de-la-culture\\\/#breadcrumb\",\"itemListElement\":[{\"@type\":\"ListItem\",\"position\":1,\"name\":\"Accueil\",\"item\":\"https:\\\/\\\/www.avressieux.com\\\/mairie\\\/\"},{\"@type\":\"ListItem\",\"position\":2,\"name\":\"Maison des jeunes et de la culture\"}]},{\"@type\":\"WebSite\",\"@id\":\"https:\\\/\\\/www.avressieux.com\\\/mairie\\\/#website\",\"url\":\"https:\\\/\\\/www.avressieux.com\\\/mairie\\\/\",\"name\":\"Avressieux\",\"description\":\"Site officiel de la commune\",\"publisher\":{\"@id\":\"https:\\\/\\\/www.avressieux.com\\\/mairie\\\/#organization\"},\"potentialAction\":[{\"@type\":\"SearchAction\",\"target\":{\"@type\":\"EntryPoint\",\"urlTemplate\":\"https:\\\/\\\/www.avressieux.com\\\/mairie\\\/?s={search_term_string}\"},\"query-input\":{\"@type\":\"PropertyValueSpecification\",\"valueRequired\":true,\"valueName\":\"search_term_string\"}}],\"inLanguage\":\"fr-FR\"},{\"@type\":\"Organization\",\"@id\":\"https:\\\/\\\/www.avressieux.com\\\/mairie\\\/#organization\",\"name\":\"Commune d'Avressieux\",\"url\":\"https:\\\/\\\/www.avressieux.com\\\/mairie\\\/\",\"logo\":{\"@type\":\"ImageObject\",\"inLanguage\":\"fr-FR\",\"@id\":\"https:\\\/\\\/www.avressieux.com\\\/mairie\\\/#\\\/schema\\\/logo\\\/image\\\/\",\"url\":\"https:\\\/\\\/www.avressieux.com\\\/mairie\\\/wp-content\\\/uploads\\\/2020\\\/08\\\/favicon.jpg\",\"contentUrl\":\"https:\\\/\\\/www.avressieux.com\\\/mairie\\\/wp-content\\\/uploads\\\/2020\\\/08\\\/favicon.jpg\",\"width\":512,\"height\":512,\"caption\":\"Commune d'Avressieux\"},\"image\":{\"@id\":\"https:\\\/\\\/www.avressieux.com\\\/mairie\\\/#\\\/schema\\\/logo\\\/image\\\/\"},\"sameAs\":[\"https:\\\/\\\/www.facebook.com\\\/Mairie-dAvressieux-104859844654359\\\/\"]}]}<\/script>\n<!-- \/ Yoast SEO plugin. -->","yoast_head_json":{"title":"Maison des jeunes et de la culture | Association \u00e0 Avressieux | 73","description":"Maison des jeunes et de la culture | Commune d'Avressieux | Associations | Animations, jeunesse, \u00e9v\u00e9nements","robots":{"index":"index","follow":"follow","max-snippet":"max-snippet:-1","max-image-preview":"max-image-preview:large","max-video-preview":"max-video-preview:-1"},"canonical":"https:\/\/www.avressieux.com\/mairie\/maison-des-jeunes-et-de-la-culture\/","og_locale":"fr_FR","og_type":"article","og_title":"Maison des jeunes et de la culture | Association \u00e0 Avressieux | 73","og_description":"Maison des jeunes et de la culture | Commune d'Avressieux | Associations | Animations, jeunesse, \u00e9v\u00e9nements","og_url":"https:\/\/www.avressieux.com\/mairie\/maison-des-jeunes-et-de-la-culture\/","og_site_name":"Avressieux","article_publisher":"https:\/\/www.facebook.com\/Mairie-dAvressieux-104859844654359\/","article_modified_time":"2020-10-16T16:21:12+00:00","og_image":[{"url":"https:\/\/www.avressieux.com\/mairie\/wp-content\/uploads\/2020\/08\/puce1.png","type":"","width":"","height":""}],"twitter_card":"summary_large_image","twitter_misc":{"Dur\u00e9e de lecture estim\u00e9e":"3 minutes"},"schema":{"@context":"https:\/\/schema.org","@graph":[{"@type":"WebPage","@id":"https:\/\/www.avressieux.com\/mairie\/maison-des-jeunes-et-de-la-culture\/","url":"https:\/\/www.avressieux.com\/mairie\/maison-des-jeunes-et-de-la-culture\/","name":"Maison des jeunes et de la culture | Association \u00e0 Avressieux | 73","isPartOf":{"@id":"https:\/\/www.avressieux.com\/mairie\/#website"},"primaryImageOfPage":{"@id":"https:\/\/www.avressieux.com\/mairie\/maison-des-jeunes-et-de-la-culture\/#primaryimage"},"image":{"@id":"https:\/\/www.avressieux.com\/mairie\/maison-des-jeunes-et-de-la-culture\/#primaryimage"},"thumbnailUrl":"https:\/\/www.avressieux.com\/mairie\/wp-content\/uploads\/2020\/08\/puce1.png","datePublished":"2020-10-14T14:43:39+00:00","dateModified":"2020-10-16T16:21:12+00:00","description":"Maison des jeunes et de la culture | Commune d'Avressieux | Associations | Animations, jeunesse, \u00e9v\u00e9nements","breadcrumb":{"@id":"https:\/\/www.avressieux.com\/mairie\/maison-des-jeunes-et-de-la-culture\/#breadcrumb"},"inLanguage":"fr-FR","potentialAction":[{"@type":"ReadAction","target":["https:\/\/www.avressieux.com\/mairie\/maison-des-jeunes-et-de-la-culture\/"]}]},{"@type":"ImageObject","inLanguage":"fr-FR","@id":"https:\/\/www.avressieux.com\/mairie\/maison-des-jeunes-et-de-la-culture\/#primaryimage","url":"https:\/\/www.avressieux.com\/mairie\/wp-content\/uploads\/2020\/08\/puce1.png","contentUrl":"https:\/\/www.avressieux.com\/mairie\/wp-content\/uploads\/2020\/08\/puce1.png","width":30,"height":30,"caption":"puce"},{"@type":"BreadcrumbList","@id":"https:\/\/www.avressieux.com\/mairie\/maison-des-jeunes-et-de-la-culture\/#breadcrumb","itemListElement":[{"@type":"ListItem","position":1,"name":"Accueil","item":"https:\/\/www.avressieux.com\/mairie\/"},{"@type":"ListItem","position":2,"name":"Maison des jeunes et de la culture"}]},{"@type":"WebSite","@id":"https:\/\/www.avressieux.com\/mairie\/#website","url":"https:\/\/www.avressieux.com\/mairie\/","name":"Avressieux","description":"Site officiel de la commune","publisher":{"@id":"https:\/\/www.avressieux.com\/mairie\/#organization"},"potentialAction":[{"@type":"SearchAction","target":{"@type":"EntryPoint","urlTemplate":"https:\/\/www.avressieux.com\/mairie\/?s={search_term_string}"},"query-input":{"@type":"PropertyValueSpecification","valueRequired":true,"valueName":"search_term_string"}}],"inLanguage":"fr-FR"},{"@type":"Organization","@id":"https:\/\/www.avressieux.com\/mairie\/#organization","name":"Commune d'Avressieux","url":"https:\/\/www.avressieux.com\/mairie\/","logo":{"@type":"ImageObject","inLanguage":"fr-FR","@id":"https:\/\/www.avressieux.com\/mairie\/#\/schema\/logo\/image\/","url":"https:\/\/www.avressieux.com\/mairie\/wp-content\/uploads\/2020\/08\/favicon.jpg","contentUrl":"https:\/\/www.avressieux.com\/mairie\/wp-content\/uploads\/2020\/08\/favicon.jpg","width":512,"height":512,"caption":"Commune d'Avressieux"},"image":{"@id":"https:\/\/www.avressieux.com\/mairie\/#\/schema\/logo\/image\/"},"sameAs":["https:\/\/www.facebook.com\/Mairie-dAvressieux-104859844654359\/"]}]}},"publishpress_future_action":{"enabled":false,"date":"2026-05-25 00:10:41","action":"change-status","newStatus":"draft","terms":[],"taxonomy":"","extraData":[]},"publishpress_future_workflow_manual_trigger":{"enabledWorkflows":[]},"_links":{"self":[{"href":"https:\/\/www.avressieux.com\/mairie\/wp-json\/wp\/v2\/pages\/2451","targetHints":{"allow":["GET"]}}],"collection":[{"href":"https:\/\/www.avressieux.com\/mairie\/wp-json\/wp\/v2\/pages"}],"about":[{"href":"https:\/\/www.avressieux.com\/mairie\/wp-json\/wp\/v2\/types\/page"}],"author":[{"embeddable":true,"href":"https:\/\/www.avressieux.com\/mairie\/wp-json\/wp\/v2\/users\/1"}],"replies":[{"embeddable":true,"href":"https:\/\/www.avressieux.com\/mairie\/wp-json\/wp\/v2\/comments?post=2451"}],"version-history":[{"count":3,"href":"https:\/\/www.avressieux.com\/mairie\/wp-json\/wp\/v2\/pages\/2451\/revisions"}],"predecessor-version":[{"id":2654,"href":"https:\/\/www.avressieux.com\/mairie\/wp-json\/wp\/v2\/pages\/2451\/revisions\/2654"}],"wp:attachment":[{"href":"https:\/\/www.avressieux.com\/mairie\/wp-json\/wp\/v2\/media?parent=2451"}],"curies":[{"name":"wp","href":"https:\/\/api.w.org\/{rel}","templated":true}]}}