{"id":1901,"date":"2020-10-13T14:44:03","date_gmt":"2020-10-13T12:44:03","guid":{"rendered":"https:\/\/www.avressieux.com\/mairie\/?page_id=1901"},"modified":"2020-10-26T13:07:59","modified_gmt":"2020-10-26T12:07:59","slug":"sou-des-ecoles-association","status":"publish","type":"page","link":"https:\/\/www.avressieux.com\/mairie\/sou-des-ecoles-association\/","title":{"rendered":"Sou des \u00e9coles"},"content":{"rendered":"<p>[et_pb_section fb_built=\u00a0\u00bb1&Prime; make_equal=\u00a0\u00bbon\u00a0\u00bb use_custom_gutter=\u00a0\u00bbon\u00a0\u00bb specialty=\u00a0\u00bbon\u00a0\u00bb background_color_2=\u00a0\u00bbrgba(0,0,0,0.08)\u00a0\u00bb padding_top_bottom_link_1=\u00a0\u00bbfalse\u00a0\u00bb padding_left_right_link_1=\u00a0\u00bbfalse\u00a0\u00bb padding_top_1=\u00a0\u00bb20px\u00a0\u00bb padding_1_tablet=\u00a0\u00bb\u00a0\u00bb padding_1_phone=\u00a0\u00bb|20px||20px|false|false\u00a0\u00bb padding_1_last_edited=\u00a0\u00bbon|phone\u00a0\u00bb _builder_version=\u00a0\u00bb4.6.5&Prime; _module_preset=\u00a0\u00bbdefault\u00a0\u00bb width=\u00a0\u00bb100%\u00a0\u00bb max_width=\u00a0\u00bb100%\u00a0\u00bb module_alignment=\u00a0\u00bbcenter\u00a0\u00bb inner_width=\u00a0\u00bb100%\u00a0\u00bb inner_max_width=\u00a0\u00bb100%\u00a0\u00bb inner_module_alignment=\u00a0\u00bbcenter\u00a0\u00bb custom_margin=\u00a0\u00bb0px||||false|false\u00a0\u00bb custom_margin_tablet=\u00a0\u00bb20px||||false|false\u00a0\u00bb custom_margin_phone=\u00a0\u00bb\u00a0\u00bb custom_margin_last_edited=\u00a0\u00bbon|tablet\u00a0\u00bb custom_padding=\u00a0\u00bb0px||0px||false|false\u00a0\u00bb][et_pb_column type=\u00a0\u00bb3_4&Prime; specialty_columns=\u00a0\u00bb3&Prime; _builder_version=\u00a0\u00bb3.25&Prime; custom_padding=\u00a0\u00bb|||\u00a0\u00bb custom_padding__hover=\u00a0\u00bb|||\u00a0\u00bb][et_pb_row_inner _builder_version=\u00a0\u00bb4.6.1&Prime; _module_preset=\u00a0\u00bbdefault\u00a0\u00bb width=\u00a0\u00bb90%\u00a0\u00bb width_tablet=\u00a0\u00bb\u00a0\u00bb width_phone=\u00a0\u00bb\u00a0\u00bb width_last_edited=\u00a0\u00bbon|desktop\u00a0\u00bb module_alignment=\u00a0\u00bbcenter\u00a0\u00bb custom_padding=\u00a0\u00bb3px|||||\u00a0\u00bb][et_pb_column_inner saved_specialty_column_type=\u00a0\u00bb3_4&Prime; _builder_version=\u00a0\u00bb4.6.1&Prime; _module_preset=\u00a0\u00bbdefault\u00a0\u00bb][et_pb_text _builder_version=\u00a0\u00bb4.6.5&Prime; _module_preset=\u00a0\u00bbdefault\u00a0\u00bb text_font=\u00a0\u00bbOpen Sans|||||on|||\u00a0\u00bb text_text_color=\u00a0\u00bb#02726d\u00a0\u00bb text_font_size=\u00a0\u00bb20px\u00a0\u00bb text_letter_spacing=\u00a0\u00bb1px\u00a0\u00bb]<\/p>\n<p><img decoding=\"async\" src=\"https:\/\/www.avressieux.com\/mairie\/wp-content\/uploads\/2020\/08\/puce1.png\" width=\"30\" height=\"30\" alt=\"puce\" class=\"wp-image-1266 alignleft size-full\" \/>L&rsquo;association des parents d&rsquo;\u00e9l\u00e8ves<\/p>\n<div id=\"gtx-trans\" style=\"position: absolute; left: 109px; top: 0.200001px;\">\n<div class=\"gtx-trans-icon\"><\/div>\n<\/div>\n<p>[\/et_pb_text][\/et_pb_column_inner][\/et_pb_row_inner][et_pb_row_inner column_structure=\u00a0\u00bb1_2,1_2&Prime; _builder_version=\u00a0\u00bb4.6.1&Prime; _module_preset=\u00a0\u00bbdefault\u00a0\u00bb width=\u00a0\u00bb90%\u00a0\u00bb width_tablet=\u00a0\u00bb\u00a0\u00bb width_phone=\u00a0\u00bb\u00a0\u00bb width_last_edited=\u00a0\u00bbon|desktop\u00a0\u00bb module_alignment=\u00a0\u00bbcenter\u00a0\u00bb custom_margin=\u00a0\u00bb-22px|||||\u00a0\u00bb custom_padding=\u00a0\u00bb0px|||||\u00a0\u00bb][et_pb_column_inner type=\u00a0\u00bb1_2&Prime; saved_specialty_column_type=\u00a0\u00bb3_4&Prime; _builder_version=\u00a0\u00bb4.6.1&Prime; _module_preset=\u00a0\u00bbdefault\u00a0\u00bb][et_pb_image src=\u00a0\u00bbhttps:\/\/www.avressieux.com\/mairie\/wp-content\/uploads\/2016\/10\/soudesecoles.jpg\u00a0\u00bb alt=\u00a0\u00bb\u00e9coles, regroupement, avressieux, enfance,jeunesse\u00a0\u00bb title_text=\u00a0\u00bbsoudesecoles\u00a0\u00bb _builder_version=\u00a0\u00bb4.6.5&Prime; _module_preset=\u00a0\u00bbdefault\u00a0\u00bb][\/et_pb_image][\/et_pb_column_inner][et_pb_column_inner type=\u00a0\u00bb1_2&Prime; saved_specialty_column_type=\u00a0\u00bb3_4&Prime; _builder_version=\u00a0\u00bb4.6.1&Prime; _module_preset=\u00a0\u00bbdefault\u00a0\u00bb][et_pb_text _builder_version=\u00a0\u00bb4.6.5&Prime; _module_preset=\u00a0\u00bbdefault\u00a0\u00bb text_orientation=\u00a0\u00bbjustified\u00a0\u00bb]<\/p>\n<p><span>Le Sou du Regroupement p\u00e9dagogique intercommunal (RPI)\u00a0<\/span><i>Avressieux \u2013 Rochefort \u2013 Ste Marie d\u2019Alvey<\/i><span>\u00a0est une association qui permet aux parents d\u2019\u00e9l\u00e8ves, avec la collaboration du corps enseignant, d\u2019organiser tout au long de l\u2019ann\u00e9e diff\u00e9rentes manifestations. Celles-ci r\u00e9unissent les habitants du village et alentours pour passer des moments conviviaux et permettent de r\u00e9colter des fonds qui sont directement profitables aux enfants : achat de mat\u00e9riels \u00e9ducatifs, sorties culturelles et sportives, voyages scolaires, kermesse\u2026 L\u2019association dispose \u00e9galement de subventions octroy\u00e9es par les municipalit\u00e9s des trois communes du RPI et du Conseil d\u00e9partemental.<\/span><\/p>\n<p>[\/et_pb_text][\/et_pb_column_inner][\/et_pb_row_inner][et_pb_row_inner _builder_version=\u00a0\u00bb4.6.1&Prime; _module_preset=\u00a0\u00bbdefault\u00a0\u00bb width=\u00a0\u00bb90%\u00a0\u00bb width_tablet=\u00a0\u00bb\u00a0\u00bb width_phone=\u00a0\u00bb\u00a0\u00bb width_last_edited=\u00a0\u00bbon|desktop\u00a0\u00bb module_alignment=\u00a0\u00bbcenter\u00a0\u00bb custom_padding=\u00a0\u00bb3px|||||\u00a0\u00bb][et_pb_column_inner saved_specialty_column_type=\u00a0\u00bb3_4&Prime; _builder_version=\u00a0\u00bb4.6.1&Prime; _module_preset=\u00a0\u00bbdefault\u00a0\u00bb][et_pb_text _builder_version=\u00a0\u00bb4.6.5&Prime; _module_preset=\u00a0\u00bbdefault\u00a0\u00bb text_orientation=\u00a0\u00bbcenter\u00a0\u00bb]<\/p>\n<p align=\"justify\" style=\"text-align: center;\">Suivre les actualit\u00e9s du sou des \u00e9coles sur Facebook<\/p>\n<p>[\/et_pb_text][et_pb_image src=\u00a0\u00bbhttps:\/\/www.avressieux.com\/mairie\/wp-content\/uploads\/2015\/11\/logofacebook.jpg\u00a0\u00bb alt=\u00a0\u00bbfacebook, club ados, val guiers\u00a0\u00bb title_text=\u00a0\u00bblogofacebook\u00a0\u00bb url=\u00a0\u00bbhttps:\/\/www.facebook.com\/pages\/category\/Public-Figure\/Sou-des-%C3%A9coles-dAvressieuxRochefortste-Marie-dAlvey-548039872202636\/\u00a0\u00bb url_new_window=\u00a0\u00bbon\u00a0\u00bb align=\u00a0\u00bbcenter\u00a0\u00bb _builder_version=\u00a0\u00bb4.6.5&Prime; _module_preset=\u00a0\u00bbdefault\u00a0\u00bb][\/et_pb_image][\/et_pb_column_inner][\/et_pb_row_inner][\/et_pb_column][et_pb_column type=\u00a0\u00bb1_4&Prime; _builder_version=\u00a0\u00bb3.25&Prime; custom_padding=\u00a0\u00bb|||\u00a0\u00bb custom_padding__hover=\u00a0\u00bb|||\u00a0\u00bb][et_pb_text admin_label=\u00a0\u00bbTitre menu gauche\u00a0\u00bb _builder_version=\u00a0\u00bb4.6.5&Prime; _module_preset=\u00a0\u00bbdefault\u00a0\u00bb text_font=\u00a0\u00bbOpen Sans|||||on|||\u00a0\u00bb text_text_color=\u00a0\u00bb#ffffff\u00a0\u00bb text_font_size=\u00a0\u00bb20px\u00a0\u00bb text_letter_spacing=\u00a0\u00bb1px\u00a0\u00bb background_color=\u00a0\u00bb#5a6792&Prime; custom_margin=\u00a0\u00bb-120px||0px||false|false\u00a0\u00bb custom_margin_tablet=\u00a0\u00bb0px||0px||false|false\u00a0\u00bb custom_margin_phone=\u00a0\u00bb0px||||false|false\u00a0\u00bb custom_margin_last_edited=\u00a0\u00bbon|desktop\u00a0\u00bb custom_padding=\u00a0\u00bb60px|||15px|false|false\u00a0\u00bb hover_enabled=\u00a0\u00bb0&Prime; global_module=\u00a0\u00bb2300&Prime; saved_tabs=\u00a0\u00bball\u00a0\u00bb sticky_enabled=\u00a0\u00bb0&Prime;]<\/p>\n<p><img decoding=\"async\" src=\"https:\/\/www.avressieux.com\/mairie\/wp-content\/uploads\/2020\/08\/puce1.png\" width=\"30\" height=\"30\" alt=\"puce\" class=\"wp-image-1266 alignleft size-full\" \/>Rubriques Vie communale<\/p>\n<div id=\"gtx-trans\" style=\"position: absolute; left: 270px; top: 46.8px;\">\n<div class=\"gtx-trans-icon\"><\/div>\n<\/div>\n<p>[\/et_pb_text][et_pb_text admin_label=\u00a0\u00bbMenu gauche\u00a0\u00bb _builder_version=\u00a0\u00bb4.6.5&Prime; _module_preset=\u00a0\u00bbdefault\u00a0\u00bb text_text_color=\u00a0\u00bb#ffffff\u00a0\u00bb text_font_size=\u00a0\u00bb14px\u00a0\u00bb link_text_color=\u00a0\u00bb#ffffff\u00a0\u00bb background_color=\u00a0\u00bb#5a6792&Prime; custom_margin=\u00a0\u00bb0px||40px||false|false\u00a0\u00bb custom_margin_tablet=\u00a0\u00bb||0px||false|false\u00a0\u00bb custom_margin_phone=\u00a0\u00bb\u00a0\u00bb custom_margin_last_edited=\u00a0\u00bbon|phone\u00a0\u00bb custom_padding=\u00a0\u00bb20px|20px|10px|20px|false|false\u00a0\u00bb link_letter_spacing_last_edited=\u00a0\u00bboff|desktop\u00a0\u00bb global_module=\u00a0\u00bb2302&Prime; saved_tabs=\u00a0\u00bball\u00a0\u00bb link_text_color__hover_enabled=\u00a0\u00bbon|hover\u00a0\u00bb link_text_color__hover=\u00a0\u00bb#afb4c9&Prime; link_letter_spacing__hover_enabled=\u00a0\u00bbon|hover\u00a0\u00bb link_letter_spacing__hover=\u00a0\u00bb1px\u00a0\u00bb]<\/p>\n<ul>\n<li>Associations locales<br \/>&gt; <a href=\"https:\/\/www.avressieux.com\/mairie\/sou-des-ecoles-association\/\">Sou des \u00e9coles<br \/><\/a>&gt; <a href=\"https:\/\/www.avressieux.com\/mairie\/club-entente-et-amitie\/\">Club Entente et Amiti\u00e9<\/a><br \/>&gt; <a href=\"https:\/\/www.avressieux.com\/mairie\/comite-des-fetes-davressieux\/\">Comit\u00e9 des f\u00eates d&rsquo;Avressieux<\/a><br \/>&gt; <a href=\"https:\/\/www.avressieux.com\/mairie\/groupe-vocal-avressieux-chorale\/\">Groupe vocal \u00ab\u00a0Si l&rsquo;on chantait\u00a0\u00bb<\/a><br \/>&gt; <a href=\"https:\/\/www.avressieux.com\/mairie\/maison-des-jeunes-et-de-la-culture\/\">Maison des jeunes et de la culture<\/a><br \/>&gt; <a href=\"https:\/\/www.avressieux.com\/mairie\/association-communale-de-chasse\/\">Association communale de chasse<\/a><br \/>&gt; <a href=\"https:\/\/www.avressieux.com\/mairie\/association-des-familles\/\">Association des familles<\/a><br \/>&gt; <a href=\"https:\/\/www.avressieux.com\/mairie\/tireurs-de-montfleury\/\">Tireurs de Montfleury<\/a><br \/>&gt; <a href=\"https:\/\/www.avressieux.com\/mairie\/la-maison-de-la-ceramique\/\">La Maison de la c\u00e9ramique<\/a><\/li>\n<li><a href=\"https:\/\/www.avressieux.com\/mairie\/agenda-manifestations-a-venir-et-passees\/\">Agenda de la commune<\/a><\/li>\n<li><a href=\"http:\/\/www.belmont-tramonet.fr\/www-rubrique-26-fr-BT.html\" target=\"_blank\" rel=\"noopener noreferrer\">Biblioth\u00e8que \u00ab\u00a0Montbel Auteurs\u00a0\u00bb<\/a><\/li>\n<\/ul>\n<p>[\/et_pb_text][et_pb_divider color=\u00a0\u00bb#ffffff\u00a0\u00bb divider_weight=\u00a0\u00bb12px\u00a0\u00bb disabled_on=\u00a0\u00bboff|off|on\u00a0\u00bb _builder_version=\u00a0\u00bb4.6.5&Prime; _module_preset=\u00a0\u00bbdefault\u00a0\u00bb][\/et_pb_divider][et_pb_text _builder_version=\u00a0\u00bb4.6.5&Prime; _module_preset=\u00a0\u00bbdefault\u00a0\u00bb text_font=\u00a0\u00bbOpen Sans|||||on|||\u00a0\u00bb text_text_color=\u00a0\u00bb#02726d\u00a0\u00bb text_font_size=\u00a0\u00bb20px\u00a0\u00bb text_letter_spacing=\u00a0\u00bb1px\u00a0\u00bb custom_padding=\u00a0\u00bb|||10px|false|false\u00a0\u00bb]<\/p>\n<p><img decoding=\"async\" src=\"https:\/\/www.avressieux.com\/mairie\/wp-content\/uploads\/2020\/08\/puce1.png\" width=\"30\" height=\"30\" alt=\"puce\" class=\"wp-image-1266 alignleft size-full\" \/>Agenda<\/p>\n<div id=\"gtx-trans\" style=\"position: absolute; left: 224px; top: 46.8px;\">\n<div class=\"gtx-trans-icon\"><\/div>\n<\/div>\n<p>[\/et_pb_text][et_pb_sidebar orientation=\u00a0\u00bbright\u00a0\u00bb area=\u00a0\u00bbet_pb_widget_area_4&Prime; show_border=\u00a0\u00bboff\u00a0\u00bb _builder_version=\u00a0\u00bb4.6.1&Prime; _module_preset=\u00a0\u00bbdefault\u00a0\u00bb body_font_size=\u00a0\u00bb13px\u00a0\u00bb custom_padding=\u00a0\u00bb|10px||10px|false|false\u00a0\u00bb global_module=\u00a0\u00bb1957&Prime;][\/et_pb_sidebar][\/et_pb_column][\/et_pb_section]<\/p>\n","protected":false},"excerpt":{"rendered":"<p>L&rsquo;association des parents d&rsquo;\u00e9l\u00e8ves Le Sou du Regroupement p\u00e9dagogique intercommunal (RPI)\u00a0Avressieux \u2013 Rochefort \u2013 Ste Marie d\u2019Alvey\u00a0est une association qui permet aux parents d\u2019\u00e9l\u00e8ves, avec la collaboration du corps enseignant, d\u2019organiser tout au long de l\u2019ann\u00e9e diff\u00e9rentes manifestations. Celles-ci r\u00e9unissent les habitants du village et alentours pour passer des moments conviviaux et permettent de r\u00e9colter [&hellip;]<\/p>\n","protected":false},"author":1,"featured_media":0,"parent":0,"menu_order":0,"comment_status":"closed","ping_status":"open","template":"","meta":{"_et_pb_use_builder":"on","_et_pb_old_content":"<!-- wp:paragraph -->\n<p>Ceci est une page d\u2019exemple. C\u2019est diff\u00e9rent d\u2019un article de blog parce qu\u2019elle restera au m\u00eame endroit et appara\u00eetra dans la navigation de votre site (dans la plupart des th\u00e8mes). La plupart des gens commencent par une page \u00ab&nbsp;\u00c0 propos&nbsp;\u00bb qui les pr\u00e9sente aux visiteurs du site. Cela pourrait ressembler \u00e0 quelque chose comme cela&nbsp;:<\/p>\n<!-- \/wp:paragraph -->\n\n<!-- wp:quote -->\n<blockquote class=\"wp-block-quote\"><p>Bonjour&nbsp;! Je suis un m\u00e9canicien qui aspire \u00e0 devenir acteur, et voici mon site. J\u2019habite \u00e0 Bordeaux, j\u2019ai un super chien baptis\u00e9 Russell, et j\u2019aime la vodka-ananas (ainsi qu\u2019\u00eatre surpris par la pluie soudaine lors de longues balades sur la plage au coucher du soleil).<\/p><\/blockquote>\n<!-- \/wp:quote -->\n\n<!-- wp:paragraph -->\n<p>... ou quelque chose comme cela&nbsp;:<\/p>\n<!-- \/wp:paragraph -->\n\n<!-- wp:quote -->\n<blockquote class=\"wp-block-quote\"><p>La soci\u00e9t\u00e9 123 Machin Truc a \u00e9t\u00e9 cr\u00e9\u00e9e en 1971, et n\u2019a cess\u00e9 de proposer au public des machins-trucs de qualit\u00e9 depuis lors. Situ\u00e9e \u00e0 Saint-Remy-en-Bouzemont-Saint-Genest-et-Isson, 123 Machin Truc emploie 2 000 personnes, et fabrique toutes sortes de bidules super pour la communaut\u00e9 bouzemontoise.<\/p><\/blockquote>\n<!-- \/wp:quote -->\n\n<!-- wp:paragraph -->\n<p>En tant que nouvel\u00b7le utilisateur ou utilisatrice de WordPress, vous devriez vous rendre sur <a href=\"http:\/\/www.avressieux.com\/mairie\/wp-admin\/\">votre tableau de bord<\/a> pour supprimer cette page et cr\u00e9er de nouvelles pages pour votre contenu. Amusez-vous bien&nbsp;!<\/p>\n<!-- \/wp:paragraph -->","_et_gb_content_width":"","footnotes":""},"class_list":["post-1901","page","type-page","status-publish","hentry"],"yoast_head":"<!-- This site is optimized with the Yoast SEO plugin v27.4 - https:\/\/yoast.com\/product\/yoast-seo-wordpress\/ -->\n<title>Sou des \u00e9coles | Association des parents d&#039;\u00e9l\u00e8ves | 73240 Avressieux<\/title>\n<meta name=\"description\" content=\"Sou des \u00e9coles | Commune d&#039;Avressieux | Animations, \u00e9v\u00e9nements, \u00e9cole, parents d&#039;\u00e9l\u00e8ves, manifestations \u00e0 venir\" \/>\n<meta name=\"robots\" content=\"index, follow, max-snippet:-1, max-image-preview:large, max-video-preview:-1\" \/>\n<link rel=\"canonical\" href=\"https:\/\/www.avressieux.com\/mairie\/sou-des-ecoles-association\/\" \/>\n<meta property=\"og:locale\" content=\"fr_FR\" \/>\n<meta property=\"og:type\" content=\"article\" \/>\n<meta property=\"og:title\" content=\"Sou des \u00e9coles | Association des parents d&#039;\u00e9l\u00e8ves | 73240 Avressieux\" \/>\n<meta property=\"og:description\" content=\"Sou des \u00e9coles | Commune d&#039;Avressieux | Animations, \u00e9v\u00e9nements, \u00e9cole, parents d&#039;\u00e9l\u00e8ves, manifestations \u00e0 venir\" \/>\n<meta property=\"og:url\" content=\"https:\/\/www.avressieux.com\/mairie\/sou-des-ecoles-association\/\" \/>\n<meta property=\"og:site_name\" content=\"Avressieux\" \/>\n<meta property=\"article:publisher\" content=\"https:\/\/www.facebook.com\/Mairie-dAvressieux-104859844654359\/\" \/>\n<meta property=\"article:modified_time\" content=\"2020-10-26T12:07:59+00:00\" \/>\n<meta property=\"og:image\" content=\"https:\/\/www.avressieux.com\/mairie\/wp-content\/uploads\/2020\/08\/puce1.png\" \/>\n<meta name=\"twitter:card\" content=\"summary_large_image\" \/>\n<meta name=\"twitter:label1\" content=\"Dur\u00e9e de lecture estim\u00e9e\" \/>\n\t<meta name=\"twitter:data1\" content=\"4 minutes\" \/>\n<script type=\"application\/ld+json\" class=\"yoast-schema-graph\">{\"@context\":\"https:\\\/\\\/schema.org\",\"@graph\":[{\"@type\":\"WebPage\",\"@id\":\"https:\\\/\\\/www.avressieux.com\\\/mairie\\\/sou-des-ecoles-association\\\/\",\"url\":\"https:\\\/\\\/www.avressieux.com\\\/mairie\\\/sou-des-ecoles-association\\\/\",\"name\":\"Sou des \u00e9coles | Association des parents d'\u00e9l\u00e8ves | 73240 Avressieux\",\"isPartOf\":{\"@id\":\"https:\\\/\\\/www.avressieux.com\\\/mairie\\\/#website\"},\"primaryImageOfPage\":{\"@id\":\"https:\\\/\\\/www.avressieux.com\\\/mairie\\\/sou-des-ecoles-association\\\/#primaryimage\"},\"image\":{\"@id\":\"https:\\\/\\\/www.avressieux.com\\\/mairie\\\/sou-des-ecoles-association\\\/#primaryimage\"},\"thumbnailUrl\":\"https:\\\/\\\/www.avressieux.com\\\/mairie\\\/wp-content\\\/uploads\\\/2020\\\/08\\\/puce1.png\",\"datePublished\":\"2020-10-13T12:44:03+00:00\",\"dateModified\":\"2020-10-26T12:07:59+00:00\",\"description\":\"Sou des \u00e9coles | Commune d'Avressieux | Animations, \u00e9v\u00e9nements, \u00e9cole, parents d'\u00e9l\u00e8ves, manifestations \u00e0 venir\",\"breadcrumb\":{\"@id\":\"https:\\\/\\\/www.avressieux.com\\\/mairie\\\/sou-des-ecoles-association\\\/#breadcrumb\"},\"inLanguage\":\"fr-FR\",\"potentialAction\":[{\"@type\":\"ReadAction\",\"target\":[\"https:\\\/\\\/www.avressieux.com\\\/mairie\\\/sou-des-ecoles-association\\\/\"]}]},{\"@type\":\"ImageObject\",\"inLanguage\":\"fr-FR\",\"@id\":\"https:\\\/\\\/www.avressieux.com\\\/mairie\\\/sou-des-ecoles-association\\\/#primaryimage\",\"url\":\"https:\\\/\\\/www.avressieux.com\\\/mairie\\\/wp-content\\\/uploads\\\/2020\\\/08\\\/puce1.png\",\"contentUrl\":\"https:\\\/\\\/www.avressieux.com\\\/mairie\\\/wp-content\\\/uploads\\\/2020\\\/08\\\/puce1.png\",\"width\":30,\"height\":30,\"caption\":\"puce\"},{\"@type\":\"BreadcrumbList\",\"@id\":\"https:\\\/\\\/www.avressieux.com\\\/mairie\\\/sou-des-ecoles-association\\\/#breadcrumb\",\"itemListElement\":[{\"@type\":\"ListItem\",\"position\":1,\"name\":\"Accueil\",\"item\":\"https:\\\/\\\/www.avressieux.com\\\/mairie\\\/\"},{\"@type\":\"ListItem\",\"position\":2,\"name\":\"Sou des \u00e9coles\"}]},{\"@type\":\"WebSite\",\"@id\":\"https:\\\/\\\/www.avressieux.com\\\/mairie\\\/#website\",\"url\":\"https:\\\/\\\/www.avressieux.com\\\/mairie\\\/\",\"name\":\"Avressieux\",\"description\":\"Site officiel de la commune\",\"publisher\":{\"@id\":\"https:\\\/\\\/www.avressieux.com\\\/mairie\\\/#organization\"},\"potentialAction\":[{\"@type\":\"SearchAction\",\"target\":{\"@type\":\"EntryPoint\",\"urlTemplate\":\"https:\\\/\\\/www.avressieux.com\\\/mairie\\\/?s={search_term_string}\"},\"query-input\":{\"@type\":\"PropertyValueSpecification\",\"valueRequired\":true,\"valueName\":\"search_term_string\"}}],\"inLanguage\":\"fr-FR\"},{\"@type\":\"Organization\",\"@id\":\"https:\\\/\\\/www.avressieux.com\\\/mairie\\\/#organization\",\"name\":\"Commune d'Avressieux\",\"url\":\"https:\\\/\\\/www.avressieux.com\\\/mairie\\\/\",\"logo\":{\"@type\":\"ImageObject\",\"inLanguage\":\"fr-FR\",\"@id\":\"https:\\\/\\\/www.avressieux.com\\\/mairie\\\/#\\\/schema\\\/logo\\\/image\\\/\",\"url\":\"https:\\\/\\\/www.avressieux.com\\\/mairie\\\/wp-content\\\/uploads\\\/2020\\\/08\\\/favicon.jpg\",\"contentUrl\":\"https:\\\/\\\/www.avressieux.com\\\/mairie\\\/wp-content\\\/uploads\\\/2020\\\/08\\\/favicon.jpg\",\"width\":512,\"height\":512,\"caption\":\"Commune d'Avressieux\"},\"image\":{\"@id\":\"https:\\\/\\\/www.avressieux.com\\\/mairie\\\/#\\\/schema\\\/logo\\\/image\\\/\"},\"sameAs\":[\"https:\\\/\\\/www.facebook.com\\\/Mairie-dAvressieux-104859844654359\\\/\"]}]}<\/script>\n<!-- \/ Yoast SEO plugin. -->","yoast_head_json":{"title":"Sou des \u00e9coles | Association des parents d'\u00e9l\u00e8ves | 73240 Avressieux","description":"Sou des \u00e9coles | Commune d'Avressieux | Animations, \u00e9v\u00e9nements, \u00e9cole, parents d'\u00e9l\u00e8ves, manifestations \u00e0 venir","robots":{"index":"index","follow":"follow","max-snippet":"max-snippet:-1","max-image-preview":"max-image-preview:large","max-video-preview":"max-video-preview:-1"},"canonical":"https:\/\/www.avressieux.com\/mairie\/sou-des-ecoles-association\/","og_locale":"fr_FR","og_type":"article","og_title":"Sou des \u00e9coles | Association des parents d'\u00e9l\u00e8ves | 73240 Avressieux","og_description":"Sou des \u00e9coles | Commune d'Avressieux | Animations, \u00e9v\u00e9nements, \u00e9cole, parents d'\u00e9l\u00e8ves, manifestations \u00e0 venir","og_url":"https:\/\/www.avressieux.com\/mairie\/sou-des-ecoles-association\/","og_site_name":"Avressieux","article_publisher":"https:\/\/www.facebook.com\/Mairie-dAvressieux-104859844654359\/","article_modified_time":"2020-10-26T12:07:59+00:00","og_image":[{"url":"https:\/\/www.avressieux.com\/mairie\/wp-content\/uploads\/2020\/08\/puce1.png","type":"","width":"","height":""}],"twitter_card":"summary_large_image","twitter_misc":{"Dur\u00e9e de lecture estim\u00e9e":"4 minutes"},"schema":{"@context":"https:\/\/schema.org","@graph":[{"@type":"WebPage","@id":"https:\/\/www.avressieux.com\/mairie\/sou-des-ecoles-association\/","url":"https:\/\/www.avressieux.com\/mairie\/sou-des-ecoles-association\/","name":"Sou des \u00e9coles | Association des parents d'\u00e9l\u00e8ves | 73240 Avressieux","isPartOf":{"@id":"https:\/\/www.avressieux.com\/mairie\/#website"},"primaryImageOfPage":{"@id":"https:\/\/www.avressieux.com\/mairie\/sou-des-ecoles-association\/#primaryimage"},"image":{"@id":"https:\/\/www.avressieux.com\/mairie\/sou-des-ecoles-association\/#primaryimage"},"thumbnailUrl":"https:\/\/www.avressieux.com\/mairie\/wp-content\/uploads\/2020\/08\/puce1.png","datePublished":"2020-10-13T12:44:03+00:00","dateModified":"2020-10-26T12:07:59+00:00","description":"Sou des \u00e9coles | Commune d'Avressieux | Animations, \u00e9v\u00e9nements, \u00e9cole, parents d'\u00e9l\u00e8ves, manifestations \u00e0 venir","breadcrumb":{"@id":"https:\/\/www.avressieux.com\/mairie\/sou-des-ecoles-association\/#breadcrumb"},"inLanguage":"fr-FR","potentialAction":[{"@type":"ReadAction","target":["https:\/\/www.avressieux.com\/mairie\/sou-des-ecoles-association\/"]}]},{"@type":"ImageObject","inLanguage":"fr-FR","@id":"https:\/\/www.avressieux.com\/mairie\/sou-des-ecoles-association\/#primaryimage","url":"https:\/\/www.avressieux.com\/mairie\/wp-content\/uploads\/2020\/08\/puce1.png","contentUrl":"https:\/\/www.avressieux.com\/mairie\/wp-content\/uploads\/2020\/08\/puce1.png","width":30,"height":30,"caption":"puce"},{"@type":"BreadcrumbList","@id":"https:\/\/www.avressieux.com\/mairie\/sou-des-ecoles-association\/#breadcrumb","itemListElement":[{"@type":"ListItem","position":1,"name":"Accueil","item":"https:\/\/www.avressieux.com\/mairie\/"},{"@type":"ListItem","position":2,"name":"Sou des \u00e9coles"}]},{"@type":"WebSite","@id":"https:\/\/www.avressieux.com\/mairie\/#website","url":"https:\/\/www.avressieux.com\/mairie\/","name":"Avressieux","description":"Site officiel de la commune","publisher":{"@id":"https:\/\/www.avressieux.com\/mairie\/#organization"},"potentialAction":[{"@type":"SearchAction","target":{"@type":"EntryPoint","urlTemplate":"https:\/\/www.avressieux.com\/mairie\/?s={search_term_string}"},"query-input":{"@type":"PropertyValueSpecification","valueRequired":true,"valueName":"search_term_string"}}],"inLanguage":"fr-FR"},{"@type":"Organization","@id":"https:\/\/www.avressieux.com\/mairie\/#organization","name":"Commune d'Avressieux","url":"https:\/\/www.avressieux.com\/mairie\/","logo":{"@type":"ImageObject","inLanguage":"fr-FR","@id":"https:\/\/www.avressieux.com\/mairie\/#\/schema\/logo\/image\/","url":"https:\/\/www.avressieux.com\/mairie\/wp-content\/uploads\/2020\/08\/favicon.jpg","contentUrl":"https:\/\/www.avressieux.com\/mairie\/wp-content\/uploads\/2020\/08\/favicon.jpg","width":512,"height":512,"caption":"Commune d'Avressieux"},"image":{"@id":"https:\/\/www.avressieux.com\/mairie\/#\/schema\/logo\/image\/"},"sameAs":["https:\/\/www.facebook.com\/Mairie-dAvressieux-104859844654359\/"]}]}},"publishpress_future_action":{"enabled":false,"date":"2026-04-23 05:41:25","action":"change-status","newStatus":"draft","terms":[],"taxonomy":"","extraData":[]},"publishpress_future_workflow_manual_trigger":{"enabledWorkflows":[]},"_links":{"self":[{"href":"https:\/\/www.avressieux.com\/mairie\/wp-json\/wp\/v2\/pages\/1901","targetHints":{"allow":["GET"]}}],"collection":[{"href":"https:\/\/www.avressieux.com\/mairie\/wp-json\/wp\/v2\/pages"}],"about":[{"href":"https:\/\/www.avressieux.com\/mairie\/wp-json\/wp\/v2\/types\/page"}],"author":[{"embeddable":true,"href":"https:\/\/www.avressieux.com\/mairie\/wp-json\/wp\/v2\/users\/1"}],"replies":[{"embeddable":true,"href":"https:\/\/www.avressieux.com\/mairie\/wp-json\/wp\/v2\/comments?post=1901"}],"version-history":[{"count":14,"href":"https:\/\/www.avressieux.com\/mairie\/wp-json\/wp\/v2\/pages\/1901\/revisions"}],"predecessor-version":[{"id":2807,"href":"https:\/\/www.avressieux.com\/mairie\/wp-json\/wp\/v2\/pages\/1901\/revisions\/2807"}],"wp:attachment":[{"href":"https:\/\/www.avressieux.com\/mairie\/wp-json\/wp\/v2\/media?parent=1901"}],"curies":[{"name":"wp","href":"https:\/\/api.w.org\/{rel}","templated":true}]}}